{"id":257,"date":"2026-03-31T12:33:32","date_gmt":"2026-03-31T10:33:32","guid":{"rendered":"https:\/\/montpellierapied.org\/?page_id=257"},"modified":"2026-04-06T20:46:52","modified_gmt":"2026-04-06T18:46:52","slug":"qui-sommes-nous","status":"publish","type":"page","link":"https:\/\/montpellierapied.org\/?page_id=257","title":{"rendered":"Qui sommes-nous ?"},"content":{"rendered":"\n<div class=\"wp-block-columns are-vertically-aligned-center is-layout-flex wp-container-core-columns-is-layout-28f84493 wp-block-columns-is-layout-flex\">\n<div class=\"wp-block-column is-vertically-aligned-center is-layout-flow wp-block-column-is-layout-flow\" style=\"flex-basis:100%\">\n<div class=\"wp-block-cover is-light\" style=\"margin-top:0;margin-bottom:0;padding-right:0;padding-left:0;min-height:180px;aspect-ratio:unset;\"><img loading=\"lazy\" decoding=\"async\" width=\"1024\" height=\"1024\" class=\"wp-block-cover__image-background wp-image-273 size-large\" alt=\"\" src=\"https:\/\/montpellierapied.org\/wp-content\/uploads\/2026\/03\/Pietons_50-1024x1024.png\" style=\"object-position:52% 46%\" data-object-fit=\"cover\" data-object-position=\"52% 46%\" srcset=\"https:\/\/montpellierapied.org\/wp-content\/uploads\/2026\/03\/Pietons_50-1024x1024.png 1024w, https:\/\/montpellierapied.org\/wp-content\/uploads\/2026\/03\/Pietons_50-300x300.png 300w, https:\/\/montpellierapied.org\/wp-content\/uploads\/2026\/03\/Pietons_50-150x150.png 150w, https:\/\/montpellierapied.org\/wp-content\/uploads\/2026\/03\/Pietons_50-768x768.png 768w, https:\/\/montpellierapied.org\/wp-content\/uploads\/2026\/03\/Pietons_50-1536x1536.png 1536w, https:\/\/montpellierapied.org\/wp-content\/uploads\/2026\/03\/Pietons_50.png 2000w\" sizes=\"auto, (max-width: 1024px) 100vw, 1024px\" \/><span aria-hidden=\"true\" class=\"wp-block-cover__background has-background-dim-60 has-background-dim\" style=\"background-color:#e4e4e5\"><\/span><div class=\"wp-block-cover__inner-container is-layout-constrained wp-container-core-cover-is-layout-f222aaec wp-block-cover-is-layout-constrained\">\n<p class=\"has-text-align-center has-ti-fg-color has-text-color has-link-color has-normal-font-size wp-elements-04f0d16e733c0f5abe46be33a7e3bfc0\" style=\"border-width:3px;padding-top:0;padding-right:6.3rem;padding-bottom:0;padding-left:6.3rem\">Montpellier \u00e0 Pied a pour but de promouvoir, faciliter et d\u00e9velopper la marche \u00e0 pied, d&rsquo;accro\u00eetre la marchabilit\u00e9, de d\u00e9fendre l&rsquo;int\u00e9r\u00eat et la s\u00e9curit\u00e9 des pi\u00e9tons et d\u2019\u0153uvrer \u00e0 un partage plus \u00e9quilibr\u00e9 de l&rsquo;espace public dans Montpellier et ses environs.<\/p>\n<\/div><\/div>\n<\/div>\n<\/div>\n\n\n\n<div class=\"wp-block-media-text is-stacked-on-mobile\" style=\"grid-template-columns:23% auto\"><figure class=\"wp-block-media-text__media\"><img loading=\"lazy\" decoding=\"async\" width=\"286\" height=\"266\" src=\"https:\/\/montpellierapied.org\/wp-content\/uploads\/2026\/03\/montpellier-a-pied_logo-jpeg-pieds-seuls.jpg\" alt=\"\" class=\"wp-image-279 size-full\"\/><\/figure><div class=\"wp-block-media-text__content\">\n<p>Association loi 1901 \u00e0 but non-lucratif, Montpellier \u00e0 Pied a \u00e9t\u00e9 cr\u00e9\u00e9e le 24 f\u00e9vrier 2015 par un groupe d&rsquo;habitants amoureux de la marche \u00e0 pied en ville et sensibles aux difficult\u00e9s pour se d\u00e9placer \u00e0 pied dans Montpellier.<\/p>\n<\/div><\/div>\n\n\n\n<p>L&rsquo;association est constitu\u00e9e par ses membres adh\u00e9rents et est administr\u00e9e par un Conseil d&rsquo;Administration \u00e9lu pour 2 ans, actuellement compos\u00e9 de :<\/p>\n\n\n\n<ul class=\"wp-block-list\">\n<li>Dominique RIPERT : co-pr\u00e9sidente<\/li>\n\n\n\n<li>Sophie SOULARD : co-pr\u00e9sidente<\/li>\n\n\n\n<li>J\u00e9r\u00f4me LAVAL : co-pr\u00e9sident<\/li>\n\n\n\n<li>Justine GERMAIN : tr\u00e9sori\u00e8re<\/li>\n\n\n\n<li>Claudia BOUDE BATLLE : secr\u00e9taire<\/li>\n<\/ul>\n\n\n\n<p>Et parce que c&rsquo;est en \u0153uvrant collectivement que nous p\u00e8serons davantage, que Montpellier \u00e0 Pied :<\/p>\n\n\n\n<ul class=\"wp-block-list\">\n<li>agit \u00e9troitement avec l&rsquo;association <a href=\"https:\/\/www.velocite-montpellier.fr\/\" data-type=\"link\" data-id=\"https:\/\/www.velocite-montpellier.fr\/\" target=\"_blank\" rel=\"noreferrer noopener\">V\u00e9locit\u00e9 Grand Montpellier<\/a>, notamment pour les actions de sensibilisation<\/li>\n\n\n\n<li>est adh\u00e9rente \u00e0 l&rsquo;association <a href=\"https:\/\/www.ruedelavenir.com\/\" target=\"_blank\" rel=\"noreferrer noopener\">Rue de l&rsquo;Avenir<\/a><\/li>\n\n\n\n<li>participe au collectif \u00ab\u00a0<a href=\"https:\/\/www.placeauxpietons.eu\/\" target=\"_blank\" rel=\"noreferrer noopener\">Place aux pi\u00e9tons<\/a>\u00ab\u00a0<\/li>\n<\/ul>\n\n\n\n<p><\/p>\n","protected":false},"excerpt":{"rendered":"<p>Association loi 1901 \u00e0 but non-lucratif, Montpellier \u00e0 Pied a \u00e9t\u00e9 cr\u00e9\u00e9e le 24 f\u00e9vrier 2015 par un groupe d&rsquo;habitants amoureux de la marche \u00e0 pied en ville et sensibles aux difficult\u00e9s pour se d\u00e9placer \u00e0 pied dans Montpellier. L&rsquo;association est constitu\u00e9e par ses membres adh\u00e9rents et est administr\u00e9e par un Conseil d&rsquo;Administration \u00e9lu pour [&hellip;]<\/p>\n","protected":false},"author":2,"featured_media":0,"parent":0,"menu_order":0,"comment_status":"closed","ping_status":"closed","template":"","meta":{"footnotes":""},"class_list":["post-257","page","type-page","status-publish","hentry"],"_links":{"self":[{"href":"https:\/\/montpellierapied.org\/index.php?rest_route=\/wp\/v2\/pages\/257","targetHints":{"allow":["GET"]}}],"collection":[{"href":"https:\/\/montpellierapied.org\/index.php?rest_route=\/wp\/v2\/pages"}],"about":[{"href":"https:\/\/montpellierapied.org\/index.php?rest_route=\/wp\/v2\/types\/page"}],"author":[{"embeddable":true,"href":"https:\/\/montpellierapied.org\/index.php?rest_route=\/wp\/v2\/users\/2"}],"replies":[{"embeddable":true,"href":"https:\/\/montpellierapied.org\/index.php?rest_route=%2Fwp%2Fv2%2Fcomments&post=257"}],"version-history":[{"count":20,"href":"https:\/\/montpellierapied.org\/index.php?rest_route=\/wp\/v2\/pages\/257\/revisions"}],"predecessor-version":[{"id":321,"href":"https:\/\/montpellierapied.org\/index.php?rest_route=\/wp\/v2\/pages\/257\/revisions\/321"}],"wp:attachment":[{"href":"https:\/\/montpellierapied.org\/index.php?rest_route=%2Fwp%2Fv2%2Fmedia&parent=257"}],"curies":[{"name":"wp","href":"https:\/\/api.w.org\/{rel}","templated":true}]}}