{"id":306,"date":"2026-04-05T19:26:22","date_gmt":"2026-04-05T17:26:22","guid":{"rendered":"https:\/\/montpellierapied.org\/?page_id=306"},"modified":"2026-04-11T18:07:08","modified_gmt":"2026-04-11T16:07:08","slug":"contribuez","status":"publish","type":"page","link":"https:\/\/montpellierapied.org\/?page_id=306","title":{"rendered":"Contribuez !"},"content":{"rendered":"\n<blockquote class=\"wp-block-quote has-ti-accent-background-color has-background is-layout-flow wp-block-quote-is-layout-flow\">\n<p class=\"has-normal-font-size\"><em>\u00ab\u00a0Afin d&rsquo;assurer la s\u00e9curit\u00e9 des cheminements des pi\u00e9tons en \u00e9tablissant une meilleure visibilit\u00e9 mutuelle entre ces derniers et les v\u00e9hicules circulant sur la chauss\u00e9e, aucun emplacement de stationnement ne peut \u00eatre am\u00e9nag\u00e9 sur la chauss\u00e9e cinq m\u00e8tres en amont des passages pi\u00e9tons, sauf si cet emplacement est r\u00e9serv\u00e9 aux cycles et cycles \u00e0 p\u00e9dalage assist\u00e9 ou aux engins de d\u00e9placement personnel\u00a0\u00bb Art L. 118-5-1 du Code de la voirie routi\u00e8re<\/em><\/p>\n<\/blockquote>\n\n\n\n<p>Cet article cr\u00e9\u00e9 par la LOM (Loi d&rsquo;Orientation des Mobilit\u00e9s) impose aux collectivit\u00e9s de se mettre en conformit\u00e9 pour le 31 d\u00e9cembre 2026 et donc de neutraliser les places de stationnement situ\u00e9es en amont des passages pi\u00e9tons !<\/p>\n\n\n\n<div class=\"wp-block-media-text is-stacked-on-mobile\" style=\"grid-template-columns:23% auto\"><figure class=\"wp-block-media-text__media\"><img loading=\"lazy\" decoding=\"async\" width=\"1024\" height=\"1024\" src=\"https:\/\/montpellierapied.org\/wp-content\/uploads\/2026\/03\/10-1024x1024.png\" alt=\"\" class=\"wp-image-245 size-full\" srcset=\"https:\/\/montpellierapied.org\/wp-content\/uploads\/2026\/03\/10-1024x1024.png 1024w, https:\/\/montpellierapied.org\/wp-content\/uploads\/2026\/03\/10-300x300.png 300w, https:\/\/montpellierapied.org\/wp-content\/uploads\/2026\/03\/10-150x150.png 150w, https:\/\/montpellierapied.org\/wp-content\/uploads\/2026\/03\/10-768x768.png 768w, https:\/\/montpellierapied.org\/wp-content\/uploads\/2026\/03\/10-1536x1536.png 1536w, https:\/\/montpellierapied.org\/wp-content\/uploads\/2026\/03\/10.png 2000w\" sizes=\"auto, (max-width: 1024px) 100vw, 1024px\" \/><\/figure><div class=\"wp-block-media-text__content\">\n<p>Montpellier \u00e0 Pied propose une <strong>carte participative<\/strong> pour <strong>rep\u00e9rer et signaler<\/strong> les passages pi\u00e9tons \u00e0 mettre en conformit\u00e9. <\/p>\n\n\n\n<p>Lisez le mode d&#8217;emploi ci-dessous, puis cliquez sur le lien en bas de la page pour acc\u00e9der \u00e0 l&rsquo;outil !<\/p>\n<\/div><\/div>\n\n\n\n<ul class=\"wp-block-list\">\n<li>Commencez par cliquer sur \u00ab\u00a0Edit\u00a0\u00bb (en haut \u00e0 droite)<\/li>\n\n\n\n<li>Vous avez 2 fa\u00e7ons d&rsquo;ajouter une \u00ab\u00a0\u00e9pingle\u00a0\u00bb sur la carte : <\/li>\n<\/ul>\n\n\n\n<div class=\"wp-block-media-text is-stacked-on-mobile\" style=\"grid-template-columns:15% auto\"><figure class=\"wp-block-media-text__media\"><img loading=\"lazy\" decoding=\"async\" width=\"1024\" height=\"1024\" src=\"https:\/\/montpellierapied.org\/wp-content\/uploads\/2026\/04\/13-1024x1024.png\" alt=\"\" class=\"wp-image-309 size-full\"\/><\/figure><div class=\"wp-block-media-text__content\">\n<p>Soit vous allez sur la loupe \u00e0 gauche de l&rsquo;\u00e9cran pour saisir une adresse exacte, &#8230;<\/p>\n<\/div><\/div>\n\n\n\n<div class=\"wp-block-media-text is-stacked-on-mobile\" style=\"grid-template-columns:15% auto\"><figure class=\"wp-block-media-text__media\"><img loading=\"lazy\" decoding=\"async\" width=\"1024\" height=\"1024\" src=\"https:\/\/montpellierapied.org\/wp-content\/uploads\/2026\/04\/15-1024x1024.png\" alt=\"\" class=\"wp-image-311 size-full\"\/><\/figure><div class=\"wp-block-media-text__content\">\n<p>&#8230; puis vous cliquez sur le bouton \u00e0 c\u00f4t\u00e9 de l&rsquo;adresse pour ajouter l&rsquo;\u00e9pingle<\/p>\n<\/div><\/div>\n\n\n\n<div class=\"wp-block-media-text is-stacked-on-mobile\" style=\"grid-template-columns:15% auto\"><figure class=\"wp-block-media-text__media\"><img loading=\"lazy\" decoding=\"async\" width=\"1024\" height=\"1024\" src=\"https:\/\/montpellierapied.org\/wp-content\/uploads\/2026\/04\/14-1024x1024.png\" alt=\"\" class=\"wp-image-310 size-full\"\/><\/figure><div class=\"wp-block-media-text__content\">\n<p>Soit vous vous d\u00e9placez sur la carte jusqu&rsquo;\u00e0 l&rsquo;endroit souhait\u00e9, puis vous cliquez sur la petite ic\u00f4ne \u00e0 droite de l&rsquo;\u00e9cran<\/p>\n<\/div><\/div>\n\n\n\n<ul class=\"wp-block-list\">\n<li>Vous pouvez, avec votre souris, \u00ab\u00a0prendre\u00a0\u00bb l&rsquo;\u00e9pingle et la d\u00e9placer \u00e0 l&rsquo;endroit exact du passage pi\u00e9ton<\/li>\n\n\n\n<li>Une fen\u00eatre s&rsquo;ouvre \u00e0 droite : vous n&rsquo;\u00eates pas oblig\u00e9 de saisir un nom (name)<\/li>\n\n\n\n<li>En revanche, vous pouvez par exemple aller chercher le lien vers Google Street View du passage pi\u00e9ton en question et le copier dans la description<\/li>\n\n\n\n<li>L&rsquo;\u00e9pingle sera rouge par d\u00e9faut. Si le passage pi\u00e9ton est mis en conformit\u00e9, l&rsquo;id\u00e9e est de changer la couleur de l&rsquo;\u00e9pingle et la faire passer en vert<\/li>\n\n\n\n<li>Pour modifier une \u00e9pingle, il suffit de faire clic droit dessus puis cliquer sur le petit crayon : la fen\u00eatre s&rsquo;ouvre<\/li>\n\n\n\n<li>Pour modifier la couleur, il faut aller dans \u00ab\u00a0Shape Properties\u00a0\u00bb, puis \u00ab\u00a0define\u00a0\u00bb \u00ab\u00a0color\u00a0\u00bb<\/li>\n\n\n\n<li>Avant de fermer la page, n&rsquo;oubliez pas d&rsquo;enregistrer votre contribution en cliquant sur \u00ab\u00a0Save\u00a0\u00bb !<\/li>\n<\/ul>\n\n\n\n<div class=\"wp-block-buttons is-layout-flex wp-block-buttons-is-layout-flex\">\n<div class=\"wp-block-button\"><a class=\"wp-block-button__link wp-element-button\" href=\"https:\/\/umap.openstreetmap.fr\/en\/map\/stationnement-5m-passage-pieton_1342571\" target=\"_blank\" rel=\"noreferrer noopener\">Lien vers la carte<\/a><\/div>\n<\/div>\n\n\n\n<p><em>(Vous pouvez aussi nous envoyer un mail en indiquant l&rsquo;adresse du passage pi\u00e9ton \u00e0 mettre en conformit\u00e9 et nous nous chargerons de l&rsquo;int\u00e9grer \u00e0 l&rsquo;outil participatif !)<\/em><\/p>\n","protected":false},"excerpt":{"rendered":"<p>\u00ab\u00a0Afin d&rsquo;assurer la s\u00e9curit\u00e9 des cheminements des pi\u00e9tons en \u00e9tablissant une meilleure visibilit\u00e9 mutuelle entre ces derniers et les v\u00e9hicules circulant sur la chauss\u00e9e, aucun emplacement de stationnement ne peut \u00eatre am\u00e9nag\u00e9 sur la chauss\u00e9e cinq m\u00e8tres en amont des passages pi\u00e9tons, sauf si cet emplacement est r\u00e9serv\u00e9 aux cycles et cycles \u00e0 p\u00e9dalage assist\u00e9 [&hellip;]<\/p>\n","protected":false},"author":2,"featured_media":0,"parent":0,"menu_order":0,"comment_status":"closed","ping_status":"closed","template":"","meta":{"footnotes":""},"class_list":["post-306","page","type-page","status-publish","hentry"],"_links":{"self":[{"href":"https:\/\/montpellierapied.org\/index.php?rest_route=\/wp\/v2\/pages\/306","targetHints":{"allow":["GET"]}}],"collection":[{"href":"https:\/\/montpellierapied.org\/index.php?rest_route=\/wp\/v2\/pages"}],"about":[{"href":"https:\/\/montpellierapied.org\/index.php?rest_route=\/wp\/v2\/types\/page"}],"author":[{"embeddable":true,"href":"https:\/\/montpellierapied.org\/index.php?rest_route=\/wp\/v2\/users\/2"}],"replies":[{"embeddable":true,"href":"https:\/\/montpellierapied.org\/index.php?rest_route=%2Fwp%2Fv2%2Fcomments&post=306"}],"version-history":[{"count":8,"href":"https:\/\/montpellierapied.org\/index.php?rest_route=\/wp\/v2\/pages\/306\/revisions"}],"predecessor-version":[{"id":328,"href":"https:\/\/montpellierapied.org\/index.php?rest_route=\/wp\/v2\/pages\/306\/revisions\/328"}],"wp:attachment":[{"href":"https:\/\/montpellierapied.org\/index.php?rest_route=%2Fwp%2Fv2%2Fmedia&parent=306"}],"curies":[{"name":"wp","href":"https:\/\/api.w.org\/{rel}","templated":true}]}}