{"id":75,"date":"2026-03-15T10:33:58","date_gmt":"2026-03-15T09:33:58","guid":{"rendered":"https:\/\/montpellierapied.org\/?page_id=75"},"modified":"2026-04-06T21:13:52","modified_gmt":"2026-04-06T19:13:52","slug":"actualites","status":"publish","type":"page","link":"https:\/\/montpellierapied.org\/?page_id=75","title":{"rendered":"Actualit\u00e9s"},"content":{"rendered":"\n<div class=\"wp-block-media-text is-stacked-on-mobile\" style=\"grid-template-columns:19% auto\"><figure class=\"wp-block-media-text__media\"><img loading=\"lazy\" decoding=\"async\" width=\"1024\" height=\"1024\" src=\"https:\/\/montpellierapied.org\/wp-content\/uploads\/2026\/03\/8-1024x1024.png\" alt=\"\" class=\"wp-image-243 size-full\" srcset=\"https:\/\/montpellierapied.org\/wp-content\/uploads\/2026\/03\/8-1024x1024.png 1024w, https:\/\/montpellierapied.org\/wp-content\/uploads\/2026\/03\/8-300x300.png 300w, https:\/\/montpellierapied.org\/wp-content\/uploads\/2026\/03\/8-150x150.png 150w, https:\/\/montpellierapied.org\/wp-content\/uploads\/2026\/03\/8-768x768.png 768w, https:\/\/montpellierapied.org\/wp-content\/uploads\/2026\/03\/8-1536x1536.png 1536w, https:\/\/montpellierapied.org\/wp-content\/uploads\/2026\/03\/8.png 2000w\" sizes=\"auto, (max-width: 1024px) 100vw, 1024px\" \/><\/figure><div class=\"wp-block-media-text__content\">\n<p>Retrouvez les derni\u00e8res actus de l&rsquo;association et de la marche en g\u00e9n\u00e9ral, ainsi que les prochains \u00e9v\u00e8nements !<\/p>\n<\/div><\/div>\n\n\n\n<div class=\"wp-block-cover alignwide is-light\" style=\"min-height:251px;aspect-ratio:unset;\"><span aria-hidden=\"true\" class=\"wp-block-cover__background has-background-dim-100 has-background-dim\" style=\"background-color:#ffffff\"><\/span><div class=\"wp-block-cover__inner-container is-layout-flow wp-block-cover-is-layout-flow\">\n<div class=\"wp-block-columns alignwide is-layout-flex wp-container-core-columns-is-layout-28f84493 wp-block-columns-is-layout-flex\">\n<div class=\"wp-block-column is-layout-flow wp-block-column-is-layout-flow\" style=\"flex-basis:50%\">\n<figure class=\"wp-block-image aligncenter is-resized\"><img loading=\"lazy\" decoding=\"async\" width=\"512\" height=\"512\" src=\"https:\/\/montpellierapied.org\/wp-content\/uploads\/2026\/03\/cropped-img12.jpg\" alt=\"Logo MAP\" class=\"wp-image-52\" style=\"width:224px;height:auto\" srcset=\"https:\/\/montpellierapied.org\/wp-content\/uploads\/2026\/03\/cropped-img12.jpg 512w, https:\/\/montpellierapied.org\/wp-content\/uploads\/2026\/03\/cropped-img12-300x300.jpg 300w, https:\/\/montpellierapied.org\/wp-content\/uploads\/2026\/03\/cropped-img12-150x150.jpg 150w, https:\/\/montpellierapied.org\/wp-content\/uploads\/2026\/03\/cropped-img12-270x270.jpg 270w, https:\/\/montpellierapied.org\/wp-content\/uploads\/2026\/03\/cropped-img12-192x192.jpg 192w, https:\/\/montpellierapied.org\/wp-content\/uploads\/2026\/03\/cropped-img12-180x180.jpg 180w, https:\/\/montpellierapied.org\/wp-content\/uploads\/2026\/03\/cropped-img12-32x32.jpg 32w\" sizes=\"auto, (max-width: 512px) 100vw, 512px\" \/><\/figure>\n<\/div>\n\n\n\n<div class=\"wp-block-column is-layout-flow wp-block-column-is-layout-flow\" style=\"flex-basis:50%\">\n<h2 class=\"wp-block-heading has-text-color\" style=\"color:#000000;font-size:clamp(20px, 1.25rem + ((1vw - 3.2px) * 1.463), 32px);\"><strong>Assembl\u00e9e G\u00e9n\u00e9rale<\/strong><\/h2>\n\n\n\n<p class=\"has-text-color\" style=\"color:#000000;font-size:clamp(14px, 0.875rem + ((1vw - 3.2px) * 0.366), 17px);\">L&rsquo;Assembl\u00e9e G\u00e9n\u00e9rale de Montpellier \u00e0 Pied se tiendra le mercredi 8 avril 2026 !<\/p>\n\n\n\n<div class=\"wp-block-buttons is-layout-flex wp-block-buttons-is-layout-flex\"><\/div>\n<\/div>\n<\/div>\n<\/div><\/div>\n\n\n\n<div class=\"wp-block-cover alignwide is-light\" style=\"min-height:251px;aspect-ratio:unset;\"><span aria-hidden=\"true\" class=\"wp-block-cover__background has-background-dim-100 has-background-dim\" style=\"background-color:#ffffff\"><\/span><div class=\"wp-block-cover__inner-container is-layout-flow wp-block-cover-is-layout-flow\">\n<div class=\"wp-block-columns alignwide is-layout-flex wp-container-core-columns-is-layout-28f84493 wp-block-columns-is-layout-flex\">\n<div class=\"wp-block-column is-layout-flow wp-block-column-is-layout-flow\" style=\"flex-basis:50%\">\n<figure class=\"wp-block-image aligncenter size-large is-resized\"><img loading=\"lazy\" decoding=\"async\" width=\"1024\" height=\"773\" src=\"https:\/\/montpellierapied.org\/wp-content\/uploads\/2026\/04\/JT20h-e1775502774909-1024x773.png\" alt=\"\" class=\"wp-image-325\" style=\"aspect-ratio:1.3246599167056032;width:282px;height:auto\" srcset=\"https:\/\/montpellierapied.org\/wp-content\/uploads\/2026\/04\/JT20h-e1775502774909-1024x773.png 1024w, https:\/\/montpellierapied.org\/wp-content\/uploads\/2026\/04\/JT20h-e1775502774909-300x226.png 300w, https:\/\/montpellierapied.org\/wp-content\/uploads\/2026\/04\/JT20h-e1775502774909-768x580.png 768w, https:\/\/montpellierapied.org\/wp-content\/uploads\/2026\/04\/JT20h-e1775502774909.png 1073w\" sizes=\"auto, (max-width: 1024px) 100vw, 1024px\" \/><\/figure>\n<\/div>\n\n\n\n<div class=\"wp-block-column is-layout-flow wp-block-column-is-layout-flow\" style=\"flex-basis:50%\">\n<h2 class=\"wp-block-heading has-text-color\" style=\"color:#000000;font-size:clamp(20px, 1.25rem + ((1vw - 3.2px) * 1.463), 32px);\"><strong>MAP au JT de 20h de France 2<\/strong><\/h2>\n\n\n\n<p class=\"has-text-color\" style=\"color:#000000;font-size:clamp(14px, 0.875rem + ((1vw - 3.2px) * 0.366), 17px);\">Dimanche 5 avril : petite apparition de MAP au JT de 20h avec V\u00e9locit\u00e9 pour \u00e9voquer la dangerosit\u00e9 des stationnements g\u00eanants !<\/p>\n\n\n\n<div class=\"wp-block-buttons is-layout-flex wp-block-buttons-is-layout-flex\">\n<div class=\"wp-block-button is-style-fill\"><a class=\"wp-block-button__link wp-element-button\" href=\"https:\/\/www.franceinfo.fr\/societe\/securite-routiere\/c-est-grave-parce-que-ca-peut-etre-a-l-origine-d-accidents-les-stationnements-genants-une-mauvaise-pratique-aux-consequences-parfois-lourdes_7917698.html\" target=\"_blank\" rel=\"noreferrer noopener\">LIEN VERS LA VID\u00c9O<\/a><\/div>\n<\/div>\n<\/div>\n<\/div>\n<\/div><\/div>\n\n\n\n<div class=\"wp-block-cover alignwide is-light\" style=\"min-height:251px;aspect-ratio:unset;\"><span aria-hidden=\"true\" class=\"wp-block-cover__background has-background-dim-100 has-background-dim\" style=\"background-color:#ffffff\"><\/span><div class=\"wp-block-cover__inner-container is-layout-flow wp-block-cover-is-layout-flow\">\n<div class=\"wp-block-columns alignwide is-layout-flex wp-container-core-columns-is-layout-28f84493 wp-block-columns-is-layout-flex\">\n<div class=\"wp-block-column is-layout-flow wp-block-column-is-layout-flow\" style=\"flex-basis:50%\">\n<figure class=\"wp-block-image aligncenter size-full is-resized\"><img loading=\"lazy\" decoding=\"async\" width=\"1024\" height=\"886\" src=\"https:\/\/montpellierapied.org\/wp-content\/uploads\/2026\/03\/radio.jpeg\" alt=\"\" class=\"wp-image-155\" style=\"aspect-ratio:1.1557313673179332;width:309px;height:auto\" srcset=\"https:\/\/montpellierapied.org\/wp-content\/uploads\/2026\/03\/radio.jpeg 1024w, https:\/\/montpellierapied.org\/wp-content\/uploads\/2026\/03\/radio-300x260.jpeg 300w, https:\/\/montpellierapied.org\/wp-content\/uploads\/2026\/03\/radio-768x665.jpeg 768w\" sizes=\"auto, (max-width: 1024px) 100vw, 1024px\" \/><\/figure>\n<\/div>\n\n\n\n<div class=\"wp-block-column is-layout-flow wp-block-column-is-layout-flow\" style=\"flex-basis:50%\">\n<h2 class=\"wp-block-heading has-text-color\" style=\"color:#000000;font-size:clamp(20px, 1.25rem + ((1vw - 3.2px) * 1.463), 32px);\"><strong>MAP \u00e0 la radio<\/strong><\/h2>\n\n\n\n<p class=\"has-text-color\" style=\"color:#000000;font-size:clamp(14px, 0.875rem + ((1vw - 3.2px) * 0.366), 17px);\">Sophie Soulard, co-pr\u00e9sidente de Montpellier \u00e0 Pied, a particip\u00e9 \u00e0 l&rsquo;\u00e9mission \u00ab\u00a0O\u00f9 vivons nous !\u00a0\u00bb sur Radio FM+ le 25 f\u00e9vrier dernier. MAP et V\u00e9locit\u00e9 \u00e9taient invit\u00e9s pour discuter des probl\u00e9matiques de mobilit\u00e9 dans la ville.<\/p>\n\n\n\n<div class=\"wp-block-buttons is-layout-flex wp-block-buttons-is-layout-flex\">\n<div class=\"wp-block-button is-style-fill\"><a class=\"wp-block-button__link wp-element-button\" href=\"https:\/\/radiofmplus.org\/episode\/ou-vivons-nous-emission-du-25-fevrier-avec-nicolas-lemoigne-et-sophie-soulard\/?ts_post_id=72157&amp;ts_track_num=1\" target=\"_blank\" rel=\"noreferrer noopener\">\u00c9COUTER L&rsquo;\u00c9MISSION<\/a><\/div>\n<\/div>\n<\/div>\n<\/div>\n<\/div><\/div>\n","protected":false},"excerpt":{"rendered":"<p>Retrouvez les derni\u00e8res actus de l&rsquo;association et de la marche en g\u00e9n\u00e9ral, ainsi que les prochains \u00e9v\u00e8nements !<\/p>\n","protected":false},"author":2,"featured_media":0,"parent":0,"menu_order":0,"comment_status":"closed","ping_status":"closed","template":"","meta":{"footnotes":""},"class_list":["post-75","page","type-page","status-publish","hentry"],"_links":{"self":[{"href":"https:\/\/montpellierapied.org\/index.php?rest_route=\/wp\/v2\/pages\/75","targetHints":{"allow":["GET"]}}],"collection":[{"href":"https:\/\/montpellierapied.org\/index.php?rest_route=\/wp\/v2\/pages"}],"about":[{"href":"https:\/\/montpellierapied.org\/index.php?rest_route=\/wp\/v2\/types\/page"}],"author":[{"embeddable":true,"href":"https:\/\/montpellierapied.org\/index.php?rest_route=\/wp\/v2\/users\/2"}],"replies":[{"embeddable":true,"href":"https:\/\/montpellierapied.org\/index.php?rest_route=%2Fwp%2Fv2%2Fcomments&post=75"}],"version-history":[{"count":13,"href":"https:\/\/montpellierapied.org\/index.php?rest_route=\/wp\/v2\/pages\/75\/revisions"}],"predecessor-version":[{"id":326,"href":"https:\/\/montpellierapied.org\/index.php?rest_route=\/wp\/v2\/pages\/75\/revisions\/326"}],"wp:attachment":[{"href":"https:\/\/montpellierapied.org\/index.php?rest_route=%2Fwp%2Fv2%2Fmedia&parent=75"}],"curies":[{"name":"wp","href":"https:\/\/api.w.org\/{rel}","templated":true}]}}