{"id":76,"date":"2026-03-20T19:57:36","date_gmt":"2026-03-20T18:57:36","guid":{"rendered":"https:\/\/montpellierapied.org\/?page_id=76"},"modified":"2026-04-05T19:47:32","modified_gmt":"2026-04-05T17:47:32","slug":"ressources","status":"publish","type":"page","link":"https:\/\/montpellierapied.org\/?page_id=76","title":{"rendered":"Ressources"},"content":{"rendered":"\n<div class=\"wp-block-cover is-light\" style=\"min-height:179px;aspect-ratio:unset;\"><img loading=\"lazy\" decoding=\"async\" width=\"1024\" height=\"1024\" class=\"wp-block-cover__image-background wp-image-188 size-large\" alt=\"\" src=\"https:\/\/montpellierapied.org\/wp-content\/uploads\/2026\/03\/7-1024x1024.png\" data-object-fit=\"cover\" srcset=\"https:\/\/montpellierapied.org\/wp-content\/uploads\/2026\/03\/7-1024x1024.png 1024w, https:\/\/montpellierapied.org\/wp-content\/uploads\/2026\/03\/7-300x300.png 300w, https:\/\/montpellierapied.org\/wp-content\/uploads\/2026\/03\/7-150x150.png 150w, https:\/\/montpellierapied.org\/wp-content\/uploads\/2026\/03\/7-768x768.png 768w, https:\/\/montpellierapied.org\/wp-content\/uploads\/2026\/03\/7-1536x1536.png 1536w, https:\/\/montpellierapied.org\/wp-content\/uploads\/2026\/03\/7.png 2000w\" sizes=\"auto, (max-width: 1024px) 100vw, 1024px\" \/><span aria-hidden=\"true\" class=\"wp-block-cover__background has-background-dim-60 has-background-dim\" style=\"background-color:#f0f0f0\"><\/span><div class=\"wp-block-cover__inner-container is-layout-constrained wp-block-cover-is-layout-constrained\">\n<p class=\"has-text-align-center has-ti-fg-color has-text-color has-link-color has-normal-font-size wp-elements-21884f60158dd547592cb83c770ddb1d\" style=\"border-width:3px;padding-top:0;padding-right:var(--wp--preset--spacing--80);padding-bottom:0;padding-left:var(--wp--preset--spacing--80)\">Vous trouverez ci-dessous diff\u00e9rentes ressources : \u00e9tudes et publications sur la marche, outils d\u00e9velopp\u00e9s par Montpellier \u00e0 Pied ou d&rsquo;autres associations de pi\u00e9tons, documents divers li\u00e9s \u00e0 l&rsquo;association.<\/p>\n<\/div><\/div>\n\n\n\n<details class=\"wp-block-details has-vivid-cyan-blue-background-color has-background is-layout-flow wp-block-details-is-layout-flow\"><summary><strong>Documents administratifs de Montpellier \u00e0 Pied<\/strong><\/summary>\n<ul class=\"wp-block-list\">\n<li><a href=\"https:\/\/montpellierapied.org\/wp-content\/uploads\/2026\/04\/MaP_Statuts-approuves-et-signes_2025.05.15.pdf\" target=\"_blank\" rel=\"noreferrer noopener\">Les statuts (mis \u00e0 jour en 2025)<\/a><\/li>\n\n\n\n<li><\/li>\n<\/ul>\n<\/details>\n\n\n\n<details class=\"wp-block-details has-ti-accent-background-color has-background is-layout-flow wp-block-details-is-layout-flow\"><summary><strong>\u00c9tudes et publications sur la marche<\/strong><\/summary>\n<ul class=\"wp-block-list\">\n<li><a href=\"https:\/\/montpellierapied.org\/wp-content\/uploads\/2026\/03\/Developper-la-marche_Cerema.pdf\" data-type=\"link\" data-id=\"https:\/\/montpellierapied.org\/wp-content\/uploads\/2026\/03\/Developper-la-marche_Cerema.pdf\" target=\"_blank\" rel=\"noreferrer noopener\">D\u00e9velopper la marche<\/a> (Cerema)<\/li>\n\n\n\n<li><a href=\"https:\/\/montpellierapied.org\/wp-content\/uploads\/2026\/03\/Les-pietons-au-coeur-de-lamenagement-de-lespace-public-urbain_Cerema.pdf\" data-type=\"link\" data-id=\"https:\/\/montpellierapied.org\/wp-content\/uploads\/2026\/03\/Les-pietons-au-coeur-de-lamenagement-de-lespace-public-urbain_Cerema.pdf\" target=\"_blank\" rel=\"noreferrer noopener\">Les pi\u00e9tons au c\u0153ur de l&rsquo;am\u00e9nagement de l&rsquo;espace public urbain<\/a> (Cerema)<\/li>\n\n\n\n<li><a href=\"https:\/\/montpellierapied.org\/wp-content\/uploads\/2026\/03\/Amenager-des-rues-apaisees_Cerema.pdf\" data-type=\"link\" data-id=\"https:\/\/montpellierapied.org\/wp-content\/uploads\/2026\/03\/Amenager-des-rues-apaisees_Cerema.pdf\" target=\"_blank\" rel=\"noreferrer noopener\">Am\u00e9nager des rues apais\u00e9es <\/a>(Cerema)<\/li>\n\n\n\n<li><a href=\"https:\/\/montpellierapied.org\/wp-content\/uploads\/2026\/03\/Rapport-Mobilite-a-pied-et-bilan-socio-economique-de-la-marche_ADEME.pdf\" data-type=\"link\" data-id=\"https:\/\/montpellierapied.org\/wp-content\/uploads\/2026\/03\/Rapport-Mobilite-a-pied-et-bilan-socio-economique-de-la-marche_ADEME.pdf\" target=\"_blank\" rel=\"noreferrer noopener\">Mobilit\u00e9 \u00e0 pied et bilan socio-\u00e9conomique de la marche &#8211; Rapport final<\/a> (ADEME)<\/li>\n\n\n\n<li><a href=\"https:\/\/montpellierapied.org\/wp-content\/uploads\/2026\/03\/Synthese_rapport-mobilite-et-bilan-socio-economique-de-la-marche_ADEME.pdf\" data-type=\"link\" data-id=\"https:\/\/montpellierapied.org\/wp-content\/uploads\/2026\/03\/Rapport-Mobilite-a-pied-et-bilan-socio-economique-de-la-marche_ADEME.pdf\" target=\"_blank\" rel=\"noreferrer noopener\">Mobilit\u00e9 \u00e0 pied et bilan socio-\u00e9conomique de la marche &#8211; Synth\u00e8se<\/a> (ADEME)<\/li>\n\n\n\n<li><a href=\"https:\/\/montpellierapied.org\/wp-content\/uploads\/2026\/03\/Infographie_les-benefices-socio-economiques-de-la-marche_ADEME.pdf\" data-type=\"link\" data-id=\"https:\/\/montpellierapied.org\/wp-content\/uploads\/2026\/03\/Infographie_les-benefices-socio-economiques-de-la-marche_ADEME.pdf\">Infographie : les b\u00e9n\u00e9fices socio-\u00e9conomiques de la marche (ADEME)<\/a><\/li>\n\n\n\n<li><a href=\"https:\/\/montpellierapied.org\/wp-content\/uploads\/2026\/03\/Contribution_marche_velo_a_la_decarbonation-rapport_ADEME.pdf\" data-type=\"link\" data-id=\"https:\/\/montpellierapied.org\/wp-content\/uploads\/2026\/03\/Contribution_marche_velo_a_la_decarbonation-rapport_ADEME.pdf\">Contribution du d\u00e9veloppement de la marche et du v\u00e9lo \u00e0 la d\u00e9carbonation et \u00e0 l&rsquo;am\u00e9lioration de la qualit\u00e9 de l&rsquo;air &#8211; Rapport final (ADEME)<\/a><\/li>\n\n\n\n<li><a href=\"https:\/\/montpellierapied.org\/wp-content\/uploads\/2026\/03\/Synthese_contribution_marche_velo_a_la_decarbonation_ADEME.pdf\" data-type=\"link\" data-id=\"https:\/\/montpellierapied.org\/wp-content\/uploads\/2026\/03\/Synthese_contribution_marche_velo_a_la_decarbonation_ADEME.pdf\">Contribution du d\u00e9veloppement de la marche et du v\u00e9lo \u00e0 la d\u00e9carbonation et \u00e0 l&rsquo;am\u00e9lioration de la qualit\u00e9 de l&rsquo;air &#8211; Synth\u00e8se (ADEME)<\/a><\/li>\n<\/ul>\n<\/details>\n\n\n\n<p><\/p>\n","protected":false},"excerpt":{"rendered":"","protected":false},"author":2,"featured_media":0,"parent":0,"menu_order":0,"comment_status":"closed","ping_status":"closed","template":"","meta":{"footnotes":""},"class_list":["post-76","page","type-page","status-publish","hentry"],"_links":{"self":[{"href":"https:\/\/montpellierapied.org\/index.php?rest_route=\/wp\/v2\/pages\/76","targetHints":{"allow":["GET"]}}],"collection":[{"href":"https:\/\/montpellierapied.org\/index.php?rest_route=\/wp\/v2\/pages"}],"about":[{"href":"https:\/\/montpellierapied.org\/index.php?rest_route=\/wp\/v2\/types\/page"}],"author":[{"embeddable":true,"href":"https:\/\/montpellierapied.org\/index.php?rest_route=\/wp\/v2\/users\/2"}],"replies":[{"embeddable":true,"href":"https:\/\/montpellierapied.org\/index.php?rest_route=%2Fwp%2Fv2%2Fcomments&post=76"}],"version-history":[{"count":13,"href":"https:\/\/montpellierapied.org\/index.php?rest_route=\/wp\/v2\/pages\/76\/revisions"}],"predecessor-version":[{"id":319,"href":"https:\/\/montpellierapied.org\/index.php?rest_route=\/wp\/v2\/pages\/76\/revisions\/319"}],"wp:attachment":[{"href":"https:\/\/montpellierapied.org\/index.php?rest_route=%2Fwp%2Fv2%2Fmedia&parent=76"}],"curies":[{"name":"wp","href":"https:\/\/api.w.org\/{rel}","templated":true}]}}